{"id":748,"date":"2023-12-02T11:29:35","date_gmt":"2023-12-02T10:29:35","guid":{"rendered":"https:\/\/formationmassotherapie-fa2m.com\/?page_id=748"},"modified":"2024-09-23T10:22:42","modified_gmt":"2024-09-23T08:22:42","slug":"contacts","status":"publish","type":"page","link":"https:\/\/formationmassotherapie-fa2m.com\/?page_id=748","title":{"rendered":"CONTACTS"},"content":{"rendered":"<p>[et_pb_section fb_built=&#8221;1&#8243; admin_label=&#8221;Header&#8221; module_id=&#8221;form&#8221; _builder_version=&#8221;4.23.1&#8243; _module_preset=&#8221;default&#8221; use_background_color_gradient=&#8221;on&#8221; background_color_gradient_direction=&#8221;211deg&#8221; background_color_gradient_stops=&#8221;rgba(255,255,255,0) 22%|#f3efe5 88%&#8221; background_color_gradient_overlays_image=&#8221;on&#8221; background_image=&#8221;https:\/\/formationmassotherapie-fa2m.com\/wp-content\/uploads\/2023\/11\/m1.jpg&#8221; collapsed=&#8221;on&#8221; global_colors_info=&#8221;{%22gcid-904649ba-8489-45ef-bc4d-794bd4d0fcba%22:%91%22background_color_gradient_stops%22%93}&#8221;][et_pb_row column_structure=&#8221;3_5,2_5&#8243; _builder_version=&#8221;4.22.1&#8243; _module_preset=&#8221;default&#8221; global_colors_info=&#8221;{}&#8221;][et_pb_column type=&#8221;3_5&#8243; _builder_version=&#8221;4.20.0&#8243; _module_preset=&#8221;default&#8221; global_colors_info=&#8221;{}&#8221;][et_pb_text _builder_version=&#8221;4.27.0&#8243; _module_preset=&#8221;fe3b61dd-715e-49e5-9734-68cbb73c944b&#8221; header_font=&#8221;Lora|500|||||||&#8221; header_font_size=&#8221;60px&#8221; header_line_height=&#8221;1.2em&#8221; hover_enabled=&#8221;0&#8243; header_font_size_tablet=&#8221;40px&#8221; header_font_size_phone=&#8221;30px&#8221; header_font_size_last_edited=&#8221;on|phone&#8221; global_colors_info=&#8221;%91%93&#8243; sticky_enabled=&#8221;0&#8243;]<\/p>\n<h1>CONTACTEZ-NOUS<\/h1>\n<p>[\/et_pb_text][et_pb_text _builder_version=&#8221;4.27.0&#8243; _module_preset=&#8221;default&#8221; header_3_font=&#8221;Lora|&#8211;et_global_body_font_weight|||||||&#8221; header_3_text_color=&#8221;#303030&#8243; header_3_font_size=&#8221;21px&#8221; header_3_line_height=&#8221;1.4em&#8221; hover_enabled=&#8221;0&#8243; global_colors_info=&#8221;{}&#8221; header_3_font_size_last_edited=&#8221;on|phone&#8221; sticky_enabled=&#8221;0&#8243; header_3_font_size_phone=&#8221;15px&#8221; header_3_font_size_tablet=&#8221;21px&#8221;]<\/p>\n<h3>Contact par email ou par SMS sur le num\u00e9ro de t\u00e9l\u00e9phone indiqu\u00e9 ci-dessous, laissez vos coordonn\u00e9es et vous recevrez une r\u00e9ponse en 48 heures.<\/h3>\n<p>[\/et_pb_text][et_pb_image src=&#8221;https:\/\/formationmassotherapie-fa2m.com\/wp-content\/uploads\/2023\/11\/logo-512-fa2m-white.png&#8221; title_text=&#8221;logo-512-fa2m-white&#8221; align=&#8221;center&#8221; _builder_version=&#8221;4.23.1&#8243; _module_preset=&#8221;default&#8221; width=&#8221;30%&#8221; max_width=&#8221;30%&#8221; global_colors_info=&#8221;{}&#8221;][\/et_pb_image][\/et_pb_column][et_pb_column type=&#8221;2_5&#8243; _builder_version=&#8221;4.22.1&#8243; _module_preset=&#8221;default&#8221; global_colors_info=&#8221;{}&#8221;][\/et_pb_column][\/et_pb_row][\/et_pb_section][et_pb_section fb_built=&#8221;1&#8243; admin_label=&#8221;Contact Info&#8221; _builder_version=&#8221;4.23.1&#8243; _module_preset=&#8221;default&#8221; background_color=&#8221;gcid-904649ba-8489-45ef-bc4d-794bd4d0fcba&#8221; background_enable_image=&#8221;off&#8221; background_size=&#8221;initial&#8221; background_position=&#8221;bottom_center&#8221; background_last_edited=&#8221;on|tablet&#8221; background_size_tablet=&#8221;contain&#8221; collapsed=&#8221;on&#8221; global_colors_info=&#8221;{%22gcid-904649ba-8489-45ef-bc4d-794bd4d0fcba%22:%91%22background_color%22%93}&#8221;][et_pb_row column_structure=&#8221;1_3,1_3,1_3&#8243; use_custom_gutter=&#8221;on&#8221; gutter_width=&#8221;1&#8243; make_equal=&#8221;on&#8221; _builder_version=&#8221;4.23.1&#8243; _module_preset=&#8221;default&#8221; background_color=&#8221;gcid-904649ba-8489-45ef-bc4d-794bd4d0fcba&#8221; z_index=&#8221;9&#8243; custom_padding=&#8221;0px||0px||true|false&#8221; border_width_all=&#8221;1px&#8221; border_color_all=&#8221;#FFFFFF&#8221; locked=&#8221;off&#8221; global_colors_info=&#8221;{%22gcid-904649ba-8489-45ef-bc4d-794bd4d0fcba%22:%91%22background_color%22%93}&#8221;][et_pb_column type=&#8221;1_3&#8243; _builder_version=&#8221;4.23.1&#8243; _module_preset=&#8221;default&#8221; custom_padding=&#8221;60px|30px|60px|30px|true|true&#8221; custom_padding_tablet=&#8221;30px|30px|30px|30px|true|true&#8221; custom_padding_phone=&#8221;20px|20px|20px|20px|true|true&#8221; custom_padding_last_edited=&#8221;on|tablet&#8221; global_colors_info=&#8221;{}&#8221;][et_pb_icon font_icon=&#8221;&#xe090;||divi||400&#8243; icon_color=&#8221;#FFFFFF&#8221; icon_width=&#8221;48px&#8221; _builder_version=&#8221;4.23.1&#8243; _module_preset=&#8221;default&#8221; custom_margin=&#8221;||10px||false|false&#8221; global_colors_info=&#8221;{}&#8221;][\/et_pb_icon][et_pb_text _builder_version=&#8221;4.23.1&#8243; _module_preset=&#8221;51f03074-8dc3-493a-ab03-517348a2dd28&#8243; header_4_font=&#8221;Lora|500|||||||&#8221; header_4_text_color=&#8221;#FFFFFF&#8221; header_4_font_size=&#8221;19px&#8221; header_4_line_height=&#8221;1.4em&#8221; text_orientation=&#8221;center&#8221; custom_margin=&#8221;||10px||false|false&#8221; header_4_font_size_tablet=&#8221;16px&#8221; header_4_font_size_phone=&#8221;15px&#8221; header_4_font_size_last_edited=&#8221;on|desktop&#8221; global_colors_info=&#8221;{}&#8221;]<\/p>\n<h4>T\u00e9l\u00e9phone<\/h4>\n<p>[\/et_pb_text][et_pb_text _builder_version=&#8221;4.25.1&#8243; _module_preset=&#8221;aa57eaf3-87aa-482b-8ed7-3fe20416c520&#8243; text_text_color=&#8221;#FFFFFF&#8221; header_4_font=&#8221;Lora|500|||||||&#8221; header_4_text_color=&#8221;#FFFFFF&#8221; header_4_font_size=&#8221;19px&#8221; header_4_line_height=&#8221;1.4em&#8221; text_orientation=&#8221;center&#8221; custom_margin=&#8221;||10px||false|false&#8221; header_4_font_size_tablet=&#8221;16px&#8221; header_4_font_size_phone=&#8221;15px&#8221; header_4_font_size_last_edited=&#8221;on|desktop&#8221; global_colors_info=&#8221;{%22gcid-593669bf-7b77-45f1-89ce-cfe13309ccf8%22:%91%22link_text_color%22,%22link_text_color%22%93}&#8221;]<\/p>\n<p><span style=\"font-size: large;\">+33 (0) 6 68 65 11 33<\/span><\/p>\n<p>[\/et_pb_text][\/et_pb_column][et_pb_column type=&#8221;1_3&#8243; _builder_version=&#8221;4.23.1&#8243; _module_preset=&#8221;default&#8221; custom_padding=&#8221;60px|30px|60px|30px|true|true&#8221; custom_padding_tablet=&#8221;30px|30px|30px|30px|true|true&#8221; custom_padding_phone=&#8221;20px|20px|20px|20px|true|true&#8221; custom_padding_last_edited=&#8221;on|tablet&#8221; border_color_all=&#8221;gcid-97182601-61ab-4626-954a-29b0757ae92a&#8221; border_width_right=&#8221;1px&#8221; border_color_right=&#8221;#FFFFFF&#8221; border_width_left=&#8221;1px&#8221; border_color_left=&#8221;#FFFFFF&#8221; border_width_top_tablet=&#8221;1px&#8221; border_width_top_phone=&#8221;1px&#8221; border_width_top_last_edited=&#8221;on|tablet&#8221; border_width_right_tablet=&#8221;0px&#8221; border_width_right_phone=&#8221;0px&#8221; border_width_right_last_edited=&#8221;on|tablet&#8221; border_width_bottom_tablet=&#8221;1px&#8221; border_width_bottom_phone=&#8221;1px&#8221; border_width_bottom_last_edited=&#8221;on|tablet&#8221; border_width_left_tablet=&#8221;0px&#8221; border_width_left_phone=&#8221;0px&#8221; border_width_left_last_edited=&#8221;on|tablet&#8221; global_colors_info=&#8221;{%22gcid-97182601-61ab-4626-954a-29b0757ae92a%22:%91%22border_color_all%22%93}&#8221;][et_pb_icon font_icon=&#8221;&#xe076;||divi||400&#8243; icon_color=&#8221;#FFFFFF&#8221; icon_width=&#8221;48px&#8221; _builder_version=&#8221;4.23.4&#8243; _module_preset=&#8221;default&#8221; custom_margin=&#8221;||10px||false|false&#8221; locked=&#8221;off&#8221; global_colors_info=&#8221;{}&#8221;][\/et_pb_icon][et_pb_text _builder_version=&#8221;4.27.0&#8243; _module_preset=&#8221;51f03074-8dc3-493a-ab03-517348a2dd28&#8243; header_4_font=&#8221;Lora|500|||||||&#8221; header_4_text_color=&#8221;#FFFFFF&#8221; header_4_font_size=&#8221;19px&#8221; header_4_line_height=&#8221;1.4em&#8221; text_orientation=&#8221;center&#8221; custom_margin=&#8221;||10px||false|false&#8221; header_4_font_size_tablet=&#8221;16px&#8221; header_4_font_size_phone=&#8221;15px&#8221; header_4_font_size_last_edited=&#8221;on|desktop&#8221; locked=&#8221;off&#8221; global_colors_info=&#8221;{%22gcid-97182601-61ab-4626-954a-29b0757ae92a%22:%91%22header_4_text_color%22%93}&#8221;]<\/p>\n<h4>Email<\/h4>\n<p>[\/et_pb_text][et_pb_text _builder_version=&#8221;4.27.0&#8243; _module_preset=&#8221;aa57eaf3-87aa-482b-8ed7-3fe20416c520&#8243; header_4_font=&#8221;Lora|500|||||||&#8221; header_4_text_color=&#8221;#FFFFFF&#8221; header_4_font_size=&#8221;19px&#8221; header_4_line_height=&#8221;1.4em&#8221; text_orientation=&#8221;center&#8221; custom_margin=&#8221;||10px||false|false&#8221; hover_enabled=&#8221;0&#8243; header_4_font_size_tablet=&#8221;16px&#8221; header_4_font_size_phone=&#8221;15px&#8221; header_4_font_size_last_edited=&#8221;on|desktop&#8221; locked=&#8221;off&#8221; global_colors_info=&#8221;{%22gcid-593669bf-7b77-45f1-89ce-cfe13309ccf8%22:%91%22text_text_color%22,%22link_text_color%22,%22text_text_color%22%93}&#8221; sticky_enabled=&#8221;0&#8243;]<\/p>\n<p><a href=\"mailto:formationmassotherapiefa2m@gmail.com\">formationmassotherapiefa2m@gmail.com<\/a><\/p>\n<p>[\/et_pb_text][\/et_pb_column][et_pb_column type=&#8221;1_3&#8243; _builder_version=&#8221;4.23.1&#8243; _module_preset=&#8221;default&#8221; custom_padding=&#8221;60px|30px|60px|30px|true|true&#8221; custom_padding_tablet=&#8221;30px|30px|30px|30px|true|true&#8221; custom_padding_phone=&#8221;20px|20px|20px|20px|true|true&#8221; custom_padding_last_edited=&#8221;on|tablet&#8221; global_colors_info=&#8221;{}&#8221;][et_pb_icon font_icon=&#8221;&#xf3c5;||fa||900&#8243; icon_color=&#8221;#FFFFFF&#8221; icon_width=&#8221;48px&#8221; _builder_version=&#8221;4.20.0&#8243; _module_preset=&#8221;default&#8221; custom_margin=&#8221;||10px||false|false&#8221; locked=&#8221;off&#8221; global_colors_info=&#8221;{}&#8221;][\/et_pb_icon][et_pb_text _builder_version=&#8221;4.23.1&#8243; _module_preset=&#8221;51f03074-8dc3-493a-ab03-517348a2dd28&#8243; header_4_font=&#8221;Lora|500|||||||&#8221; header_4_text_color=&#8221;#FFFFFF&#8221; header_4_font_size=&#8221;19px&#8221; header_4_line_height=&#8221;1.4em&#8221; text_orientation=&#8221;center&#8221; custom_margin=&#8221;||10px||false|false&#8221; header_4_font_size_tablet=&#8221;16px&#8221; header_4_font_size_phone=&#8221;15px&#8221; header_4_font_size_last_edited=&#8221;on|desktop&#8221; locked=&#8221;off&#8221; global_colors_info=&#8221;{}&#8221;]<\/p>\n<h4>Adresse<\/h4>\n<p>[\/et_pb_text][et_pb_text _builder_version=&#8221;4.23.4&#8243; _module_preset=&#8221;aa57eaf3-87aa-482b-8ed7-3fe20416c520&#8243; text_font=&#8221;Lora||||||||&#8221; text_text_color=&#8221;#FFFFFF&#8221; text_line_height=&#8221;1.6em&#8221; link_text_color=&#8221;gcid-593669bf-7b77-45f1-89ce-cfe13309ccf8&#8243; text_orientation=&#8221;center&#8221; locked=&#8221;off&#8221; global_colors_info=&#8221;{%22gcid-593669bf-7b77-45f1-89ce-cfe13309ccf8%22:%91%22link_text_color%22,%22link_text_color%22%93}&#8221;]<\/p>\n<p class=\"p1\">2596 route de Charmy l\u2019Envers<\/p>\n<p class=\"p1\">74360 Abondance<span>, Auvergne-Rh\u00f4ne-Alpes, France<\/span><\/p>\n<p>[\/et_pb_text][\/et_pb_column][\/et_pb_row][\/et_pb_section][et_pb_section fb_built=&#8221;1&#8243; admin_label=&#8221;Map&#8221; _builder_version=&#8221;4.20.0&#8243; _module_preset=&#8221;default&#8221; background_color=&#8221;gcid-904649ba-8489-45ef-bc4d-794bd4d0fcba&#8221; collapsed=&#8221;on&#8221; global_colors_info=&#8221;{%22gcid-904649ba-8489-45ef-bc4d-794bd4d0fcba%22:%91%22background_color%22%93}&#8221;][et_pb_row _builder_version=&#8221;4.23.1&#8243; _module_preset=&#8221;default&#8221; global_colors_info=&#8221;{}&#8221;][et_pb_column type=&#8221;4_4&#8243; _builder_version=&#8221;4.22.1&#8243; _module_preset=&#8221;default&#8221; global_colors_info=&#8221;{}&#8221;][et_pb_code _builder_version=&#8221;4.23.4&#8243; _module_preset=&#8221;default&#8221; box_shadow_style=&#8221;preset1&#8243; global_colors_info=&#8221;{}&#8221;]<iframe src=\"https:\/\/www.google.com\/maps\/embed?pb=!1m18!1m12!1m3!1d2758.605383764431!2d6.722317275812863!3d46.258072171098085!2m3!1f0!2f0!3f0!3m2!1i1024!2i768!4f13.1!3m3!1m2!1s0x478c1e16fd5d9327%3A0xcf611310ff677632!2s2596%20Rte%20de%20Charmy%20l&#39;Envers%2C%2074360%20Abondance!5e0!3m2!1sfr!2sfr!4v1703957633704!5m2!1sfr!2sfr\" width=\"1080\" height=\"600\" style=\"border:0;\" allowfullscreen=\"\" loading=\"lazy\" referrerpolicy=\"no-referrer-when-downgrade\"><\/iframe>[\/et_pb_code][\/et_pb_column][\/et_pb_row][\/et_pb_section][et_pb_section fb_built=&#8221;1&#8243; prev_background_color=&#8221;gcid-904649ba-8489-45ef-bc4d-794bd4d0fcba&#8221; _builder_version=&#8221;4.23.1&#8243; _module_preset=&#8221;default&#8221; background_image=&#8221;https:\/\/formationmassotherapie-fa2m.com\/wp-content\/uploads\/2023\/11\/masseuse2.jpg&#8221; module_alignment=&#8221;center&#8221; custom_padding=&#8221;0px||0px||true|false&#8221; top_divider_style=&#8221;wave2&#8243; top_divider_height=&#8221;0%&#8221; global_colors_info=&#8221;{}&#8221; top_divider_height__hover_enabled=&#8221;on|hover&#8221; top_divider_height__hover=&#8221;14%&#8221;][et_pb_row _builder_version=&#8221;4.23.1&#8243; _module_preset=&#8221;default&#8221; width=&#8221;100%&#8221; max_width=&#8221;100%&#8221; custom_padding=&#8221;5%|35%|5%||true|false&#8221; global_colors_info=&#8221;{}&#8221; custom_padding__hover_enabled=&#8221;on|desktop&#8221; custom_padding__hover=&#8221;|0%|||true|false&#8221; transform_styles__hover_enabled=&#8221;on|hover&#8221; transform_scale__hover_enabled=&#8221;on|hover&#8221; transform_translate__hover_enabled=&#8221;on|hover&#8221; transform_rotate__hover_enabled=&#8221;on|hover&#8221; transform_skew__hover_enabled=&#8221;on|hover&#8221; transform_origin__hover_enabled=&#8221;on|hover&#8221; transform_scale__hover=&#8221;110%|110%&#8221;][et_pb_column type=&#8221;4_4&#8243; _builder_version=&#8221;4.22.1&#8243; _module_preset=&#8221;default&#8221; global_colors_info=&#8221;{}&#8221;][et_pb_cta title=&#8221;si vous \u00eates int\u00e9ress\u00e9 par nos formations&#8230;&#8221; button_url=&#8221;#form&#8221; button_text=&#8221;faites le nous savoir&#8221; _builder_version=&#8221;4.23.4&#8243; _module_preset=&#8221;default&#8221; header_font=&#8221;Lora||||||||&#8221; header_font_size=&#8221;31px&#8221; body_font=&#8221;Poppins||||||||&#8221; background_color=&#8221;rgba(255,255,255,0.64)&#8221; background_enable_image=&#8221;off&#8221; custom_button=&#8221;on&#8221; button_text_size=&#8221;14px&#8221; button_text_color=&#8221;#FFFFFF&#8221; button_bg_color=&#8221;#cab6a1&#8243; button_border_color=&#8221;RGBA(255,255,255,0)&#8221; button_letter_spacing=&#8221;0.16em&#8221; button_font=&#8221;Lora|600||on|||||&#8221; button_alignment=&#8221;center&#8221; background_layout=&#8221;light&#8221; max_width=&#8221;500px&#8221; max_width_tablet=&#8221;500px&#8221; max_width_phone=&#8221;500px&#8221; max_width_last_edited=&#8221;on|desktop&#8221; module_alignment=&#8221;center&#8221; custom_margin_tablet=&#8221;&#8221; custom_margin_phone=&#8221;&#8221; custom_margin_last_edited=&#8221;on|phone&#8221; custom_padding_tablet=&#8221;&#8221; custom_padding_phone=&#8221;&#8221; custom_padding_last_edited=&#8221;on|phone&#8221; header_font_size_tablet=&#8221;31px&#8221; header_font_size_phone=&#8221;25px&#8221; header_font_size_last_edited=&#8221;on|phone&#8221; button_text_size_tablet=&#8221;14px&#8221; button_text_size_phone=&#8221;9px&#8221; button_text_size_last_edited=&#8221;on|phone&#8221; border_radii=&#8221;on|10px|10px|10px|10px&#8221; box_shadow_style=&#8221;preset3&#8243; box_shadow_vertical=&#8221;30px&#8221; box_shadow_blur=&#8221;100px&#8221; box_shadow_spread=&#8221;-30px&#8221; global_colors_info=&#8221;{}&#8221;]<\/p>\n<p><span>plongez dans le monde captivant de la formation en massage avec nous, et d\u00e9marrez votre voyage vers le succ\u00e8s professionnel<\/span><\/p>\n<p>[\/et_pb_cta][\/et_pb_column][\/et_pb_row][\/et_pb_section]<\/p>\n","protected":false},"excerpt":{"rendered":"<p>CONTACTEZ-NOUSContact par email ou par SMS sur le num\u00e9ro de t\u00e9l\u00e9phone indiqu\u00e9 ci-dessous, laissez vos coordonn\u00e9es et vous recevrez une r\u00e9ponse en 48 heures.T\u00e9l\u00e9phone+33 (0) 6 68 65 11 33Emailformationmassotherapiefa2m@gmail.comAdresse2596 route de Charmy l\u2019Envers 74360 Abondance, Auvergne-Rh\u00f4ne-Alpes, Franceplongez dans le monde captivant de la formation en massage avec nous, et d\u00e9marrez votre voyage vers le [&hellip;]<\/p>\n","protected":false},"author":2,"featured_media":0,"parent":0,"menu_order":0,"comment_status":"closed","ping_status":"closed","template":"","meta":{"_et_pb_use_builder":"on","_et_pb_old_content":"","_et_gb_content_width":"","footnotes":""},"class_list":["post-748","page","type-page","status-publish","hentry"],"_links":{"self":[{"href":"https:\/\/formationmassotherapie-fa2m.com\/index.php?rest_route=\/wp\/v2\/pages\/748"}],"collection":[{"href":"https:\/\/formationmassotherapie-fa2m.com\/index.php?rest_route=\/wp\/v2\/pages"}],"about":[{"href":"https:\/\/formationmassotherapie-fa2m.com\/index.php?rest_route=\/wp\/v2\/types\/page"}],"author":[{"embeddable":true,"href":"https:\/\/formationmassotherapie-fa2m.com\/index.php?rest_route=\/wp\/v2\/users\/2"}],"replies":[{"embeddable":true,"href":"https:\/\/formationmassotherapie-fa2m.com\/index.php?rest_route=%2Fwp%2Fv2%2Fcomments&post=748"}],"version-history":[{"count":23,"href":"https:\/\/formationmassotherapie-fa2m.com\/index.php?rest_route=\/wp\/v2\/pages\/748\/revisions"}],"predecessor-version":[{"id":232495,"href":"https:\/\/formationmassotherapie-fa2m.com\/index.php?rest_route=\/wp\/v2\/pages\/748\/revisions\/232495"}],"wp:attachment":[{"href":"https:\/\/formationmassotherapie-fa2m.com\/index.php?rest_route=%2Fwp%2Fv2%2Fmedia&parent=748"}],"curies":[{"name":"wp","href":"https:\/\/api.w.org\/{rel}","templated":true}]}}